{"id":106,"date":"2013-05-21T22:27:37","date_gmt":"2013-05-21T20:27:37","guid":{"rendered":"http:\/\/boor-holztransporte.de\/?page_id=106"},"modified":"2023-12-21T17:09:43","modified_gmt":"2023-12-21T15:09:43","slug":"produkte","status":"publish","type":"page","link":"https:\/\/boor-holztransporte.de\/?page_id=106","title":{"rendered":"Produkte"},"content":{"rendered":"\n<div class=\"wp-block-media-text alignwide\"><figure class=\"wp-block-media-text__media\"><img loading=\"lazy\" decoding=\"async\" width=\"1024\" height=\"1024\" src=\"http:\/\/boor-holztransporte.de\/wp-content\/uploads\/2018\/08\/Birke-1024x1024.jpg\" alt=\"\" class=\"wp-image-585\" srcset=\"https:\/\/boor-holztransporte.de\/wp-content\/uploads\/2018\/08\/Birke-1024x1024.jpg 1024w, https:\/\/boor-holztransporte.de\/wp-content\/uploads\/2018\/08\/Birke-150x150.jpg 150w, https:\/\/boor-holztransporte.de\/wp-content\/uploads\/2018\/08\/Birke-300x300.jpg 300w, https:\/\/boor-holztransporte.de\/wp-content\/uploads\/2018\/08\/Birke-768x768.jpg 768w\" sizes=\"auto, (max-width: 706px) 89vw, (max-width: 767px) 82vw, 740px\" \/><\/figure><div class=\"wp-block-media-text__content\">\n<p><strong>Birke<\/strong> (<em>trocken<\/em>)<br>(Restfeuchte &lt; 20 %)<em><strong><br><\/strong><\/em>lose gesch\u00fcttet oder auf Palette im Netzsack mit ca. 1,4 SRM<br>Scheitl\u00e4nge: 25 cm und 30 cm<\/p>\n\n\n\n<p>Das Holz kann problemlos in der Garage oder im Keller gelagert werden.<\/p>\n<\/div><\/div>\n\n\n\n<div class=\"wp-block-media-text alignwide\"><figure class=\"wp-block-media-text__media\"><img loading=\"lazy\" decoding=\"async\" width=\"1024\" height=\"1024\" src=\"http:\/\/boor-holztransporte.de\/wp-content\/uploads\/2018\/08\/Birke-1024x1024.jpg\" alt=\"\" class=\"wp-image-585\" srcset=\"https:\/\/boor-holztransporte.de\/wp-content\/uploads\/2018\/08\/Birke-1024x1024.jpg 1024w, https:\/\/boor-holztransporte.de\/wp-content\/uploads\/2018\/08\/Birke-150x150.jpg 150w, https:\/\/boor-holztransporte.de\/wp-content\/uploads\/2018\/08\/Birke-300x300.jpg 300w, https:\/\/boor-holztransporte.de\/wp-content\/uploads\/2018\/08\/Birke-768x768.jpg 768w\" sizes=\"auto, (max-width: 706px) 89vw, (max-width: 767px) 82vw, 740px\" \/><\/figure><div class=\"wp-block-media-text__content\">\n<p><strong>Birke<\/strong> (<em>frisch<\/em>)<br>lose gesch\u00fcttet oder auf Palette im Netzsack mit ca. 1,4 SRM<br>Scheitl\u00e4ngen 25 cm und 30 cm<\/p>\n\n\n\n<p>Das Holz sollte trocken und luftig gelagert werden. Es geh\u00f6rt nicht in die Garage und nicht in den Keller.<\/p>\n<\/div><\/div>\n\n\n\n<div class=\"wp-block-media-text alignwide\"><figure class=\"wp-block-media-text__media\"><img loading=\"lazy\" decoding=\"async\" width=\"150\" height=\"150\" src=\"http:\/\/boor-holztransporte.de\/wp-content\/uploads\/2013\/05\/eiche.jpg\" alt=\"\" class=\"wp-image-503\"\/><\/figure><div class=\"wp-block-media-text__content\">\n<p><strong>Eiche<\/strong><em>(trocken)<\/em><\/p>\n\n\n\n<p><em> <\/em>(Restfeuchte &lt; 20 %)<em><strong><br><\/strong><\/em>lose gesch\u00fcttet oder auf Palette im Netzsack mit ca. 1,4 SRM<br>Scheitl\u00e4nge: 25 cm und 30 cm<\/p>\n\n\n\n<p>Das Holz kann problemlos in der Garage oder im Keller gelagert werden.<\/p>\n<\/div><\/div>\n\n\n\n<div class=\"wp-block-media-text alignwide\"><figure class=\"wp-block-media-text__media\"><img loading=\"lazy\" decoding=\"async\" width=\"150\" height=\"150\" src=\"http:\/\/boor-holztransporte.de\/wp-content\/uploads\/2013\/05\/eiche.jpg\" alt=\"\" class=\"wp-image-503\"\/><\/figure><div class=\"wp-block-media-text__content\">\n<p><strong>Eiche<\/strong> (<em>frisch<\/em>)<br>lose gesch\u00fcttet oder auf Palette im Netzsack mit ca. 1,4 SRM<br>Scheitl\u00e4nge: 25 cm und 30 cm<\/p>\n\n\n\n<p>Das Holz sollte trocken und luftig gelagert werden. Es geh\u00f6rt nicht in die Garage und nicht in den Keller.<\/p>\n<\/div><\/div>\n\n\n\n<div class=\"wp-block-media-text alignwide\"><figure class=\"wp-block-media-text__media\"><img loading=\"lazy\" decoding=\"async\" width=\"1024\" height=\"1024\" src=\"http:\/\/boor-holztransporte.de\/wp-content\/uploads\/2018\/09\/Laubmischholz-1024x1024.jpg\" alt=\"\" class=\"wp-image-594\" srcset=\"https:\/\/boor-holztransporte.de\/wp-content\/uploads\/2018\/09\/Laubmischholz-1024x1024.jpg 1024w, https:\/\/boor-holztransporte.de\/wp-content\/uploads\/2018\/09\/Laubmischholz-150x150.jpg 150w, https:\/\/boor-holztransporte.de\/wp-content\/uploads\/2018\/09\/Laubmischholz-300x300.jpg 300w, https:\/\/boor-holztransporte.de\/wp-content\/uploads\/2018\/09\/Laubmischholz-768x768.jpg 768w\" sizes=\"auto, (max-width: 706px) 89vw, (max-width: 767px) 82vw, 740px\" \/><\/figure><div class=\"wp-block-media-text__content\">\n<p><strong>Laubmischholz<\/strong> (<em>trocken<\/em>) <\/p>\n\n\n\n<p>(Restfeuchte &lt; 20 %)<br>lose gesch\u00fcttet oder auf Palette im Netzsack mit ca. 1,4 SRM<br>Scheitl\u00e4nge: 25 cm und 30 cm<\/p>\n\n\n\n<p>Das Holz kann problemlos in der Garage oder im Keller gelagert werden.<\/p>\n<\/div><\/div>\n\n\n\n<div class=\"wp-block-media-text alignwide\"><figure class=\"wp-block-media-text__media\"><img loading=\"lazy\" decoding=\"async\" width=\"1024\" height=\"1024\" src=\"http:\/\/boor-holztransporte.de\/wp-content\/uploads\/2018\/09\/Laubmischholz-1024x1024.jpg\" alt=\"\" class=\"wp-image-594\" srcset=\"https:\/\/boor-holztransporte.de\/wp-content\/uploads\/2018\/09\/Laubmischholz-1024x1024.jpg 1024w, https:\/\/boor-holztransporte.de\/wp-content\/uploads\/2018\/09\/Laubmischholz-150x150.jpg 150w, https:\/\/boor-holztransporte.de\/wp-content\/uploads\/2018\/09\/Laubmischholz-300x300.jpg 300w, https:\/\/boor-holztransporte.de\/wp-content\/uploads\/2018\/09\/Laubmischholz-768x768.jpg 768w\" sizes=\"auto, (max-width: 706px) 89vw, (max-width: 767px) 82vw, 740px\" \/><\/figure><div class=\"wp-block-media-text__content\">\n<p><strong>Laubmischholz<\/strong> (<em>frisch)<\/em><br>lose gesch\u00fcttet oder auf Palette im Netzsack mit ca. 1,4 SRM<br>Scheitl\u00e4ngen 25 cm und 30 cm<\/p>\n\n\n\n<p>Das Holz sollte trocken und luftig gelagert werden. Es geh\u00f6rt nicht in die Garage und nicht in den Keller.<\/p>\n<\/div><\/div>\n\n\n\n<div class=\"wp-block-media-text alignwide\"><figure class=\"wp-block-media-text__media\"><img loading=\"lazy\" decoding=\"async\" width=\"400\" height=\"400\" src=\"http:\/\/boor-holztransporte.de\/wp-content\/uploads\/2013\/05\/Buche.jpg\" alt=\"\" class=\"wp-image-375\" srcset=\"https:\/\/boor-holztransporte.de\/wp-content\/uploads\/2013\/05\/Buche.jpg 400w, https:\/\/boor-holztransporte.de\/wp-content\/uploads\/2013\/05\/Buche-150x150.jpg 150w, https:\/\/boor-holztransporte.de\/wp-content\/uploads\/2013\/05\/Buche-300x300.jpg 300w\" sizes=\"auto, (max-width: 400px) 100vw, 400px\" \/><\/figure><div class=\"wp-block-media-text__content\">\n<p><strong>Buche<\/strong> (<em>trocken<\/em>)   <\/p>\n\n\n\n<p>(Restfeuchte &lt; 20 %)<br>lose gesch\u00fcttet oder auf Palette im Netzsack mit ca. 1,4 SRM<br>Scheitl\u00e4nge: 25 cm und 30 cm<\/p>\n\n\n\n<p>Das Holz kann problemlos in der Garage oder im Keller gelagert werden.<\/p>\n<\/div><\/div>\n\n\n\n<div class=\"wp-block-media-text alignwide\"><figure class=\"wp-block-media-text__media\"><img loading=\"lazy\" decoding=\"async\" width=\"400\" height=\"400\" src=\"http:\/\/boor-holztransporte.de\/wp-content\/uploads\/2013\/05\/Buche.jpg\" alt=\"\" class=\"wp-image-375\" srcset=\"https:\/\/boor-holztransporte.de\/wp-content\/uploads\/2013\/05\/Buche.jpg 400w, https:\/\/boor-holztransporte.de\/wp-content\/uploads\/2013\/05\/Buche-150x150.jpg 150w, https:\/\/boor-holztransporte.de\/wp-content\/uploads\/2013\/05\/Buche-300x300.jpg 300w\" sizes=\"auto, (max-width: 400px) 100vw, 400px\" \/><\/figure><div class=\"wp-block-media-text__content\">\n<p><strong>Buche<\/strong> (<em>frisch)<\/em><br>lose gesch\u00fcttet oder auf Palette im Netzsack mit ca. 1,4 SRM<br>Scheitl\u00e4ngen 25 cm und 30 cm<\/p>\n\n\n\n<p>Das Holz sollte trocken und luftig gelagert werden. Es geh\u00f6rt nicht in die Garage und nicht in den Keller.<\/p>\n<\/div><\/div>\n\n\n\n<div class=\"wp-block-media-text alignwide\"><figure class=\"wp-block-media-text__media\"><img loading=\"lazy\" decoding=\"async\" width=\"480\" height=\"432\" src=\"http:\/\/boor-holztransporte.de\/wp-content\/uploads\/2013\/06\/IMG_7113-e1703171065945.jpg\" alt=\"\" class=\"wp-image-201\" srcset=\"https:\/\/boor-holztransporte.de\/wp-content\/uploads\/2013\/06\/IMG_7113-e1703171065945.jpg 480w, https:\/\/boor-holztransporte.de\/wp-content\/uploads\/2013\/06\/IMG_7113-e1703171065945-300x270.jpg 300w\" sizes=\"auto, (max-width: 480px) 100vw, 480px\" \/><\/figure><div class=\"wp-block-media-text__content\">\n<p><strong>Stammholz<\/strong><br>verschiedene Sortimente vorr\u00e4tig:  Laubholz gemischt (z.B. Eiche-Buche-Birke- Ahorn), reine Buche oder Roteiche<\/p>\n\n\n\n<p>3 \u2013 5 m L\u00e4ngen, 8-50 cm Durchmesser<\/p>\n\n\n\n<p>Abnahme nur als komplette LKW-Ladung = 40 RM (keine Kleinmengen)<\/p>\n\n\n\n<p>Es kommt ein 40 Tonner mit Anh\u00e4nger: Durchfahrtbreite mindestens 3 m &#8211; Durchfahrth\u00f6he mindestens 4 m<\/p>\n<\/div><\/div>\n\n\n<p><strong>Aus aktuellem Anlass neu im Sortiment:<\/strong><\/p>\n<p><strong>Kaminholz Fichte<\/strong><\/p>\n<p>In Zeiten des Klimawandels m\u00fcssen derzeit eine Vielzahl von Fichten aufgrund von Trockenheit gef\u00e4llt werden oder sind schin vorher diversen St\u00fcrmen zum Opfer gefallen. Das anfallende Stammholz findet bei uns eine weitere Verwendung und der Einschlag von Laubholz kann dadurch reduziert werden.<\/p>\n<p><strong>Der Duft von Nadelholz aus der Region und das gem\u00fctliche Knistern im Kamin zum g\u00fcnstigen Preis und gleichzeitig aktiv den Umweltschutz unterst\u00fctzen! <\/strong><\/p>\n<p>Unsere Produkte stellen sich wie folgt zusammen:<br>Verkaufseinheit ist SRM \u2013 Sch\u00fctt-Raum-Meter<\/p>\n<p>Scheitl\u00e4nge 25 cm und 30 cm. Andere Scheitl\u00e4ngen auf Anfrage.<\/p>\n\n\n<div class=\"wp-block-button aligncenter\"><a class=\"wp-block-button__link has-background\" href=\"https:\/\/boor-brennholz.myshopify.com\" style=\"background-color:#0a915f\">Onlineshop<\/a><\/div>\n","protected":false},"excerpt":{"rendered":"<p>Birke (trocken)(Restfeuchte &lt; 20 %)lose gesch\u00fcttet oder auf Palette im Netzsack mit ca. 1,4 SRMScheitl\u00e4nge: 25 cm und 30 cm Das Holz kann problemlos in der Garage oder im Keller gelagert werden. Birke (frisch)lose gesch\u00fcttet oder auf Palette im Netzsack mit ca. 1,4 SRMScheitl\u00e4ngen 25 cm und 30 cm Das Holz sollte trocken und luftig &hellip; <\/p>\n<p class=\"link-more\"><a href=\"https:\/\/boor-holztransporte.de\/?page_id=106\" class=\"more-link\"><span class=\"screen-reader-text\">\u201eProdukte\u201c<\/span> weiterlesen<\/a><\/p>\n","protected":false},"author":1,"featured_media":0,"parent":11,"menu_order":0,"comment_status":"closed","ping_status":"closed","template":"","meta":{"footnotes":""},"class_list":["post-106","page","type-page","status-publish","hentry"],"_links":{"self":[{"href":"https:\/\/boor-holztransporte.de\/index.php?rest_route=\/wp\/v2\/pages\/106","targetHints":{"allow":["GET"]}}],"collection":[{"href":"https:\/\/boor-holztransporte.de\/index.php?rest_route=\/wp\/v2\/pages"}],"about":[{"href":"https:\/\/boor-holztransporte.de\/index.php?rest_route=\/wp\/v2\/types\/page"}],"author":[{"embeddable":true,"href":"https:\/\/boor-holztransporte.de\/index.php?rest_route=\/wp\/v2\/users\/1"}],"replies":[{"embeddable":true,"href":"https:\/\/boor-holztransporte.de\/index.php?rest_route=%2Fwp%2Fv2%2Fcomments&post=106"}],"version-history":[{"count":73,"href":"https:\/\/boor-holztransporte.de\/index.php?rest_route=\/wp\/v2\/pages\/106\/revisions"}],"predecessor-version":[{"id":873,"href":"https:\/\/boor-holztransporte.de\/index.php?rest_route=\/wp\/v2\/pages\/106\/revisions\/873"}],"up":[{"embeddable":true,"href":"https:\/\/boor-holztransporte.de\/index.php?rest_route=\/wp\/v2\/pages\/11"}],"wp:attachment":[{"href":"https:\/\/boor-holztransporte.de\/index.php?rest_route=%2Fwp%2Fv2%2Fmedia&parent=106"}],"curies":[{"name":"wp","href":"https:\/\/api.w.org\/{rel}","templated":true}]}}