{"id":112,"date":"2013-05-21T22:28:18","date_gmt":"2013-05-21T20:28:18","guid":{"rendered":"http:\/\/boor-holztransporte.de\/?page_id=112"},"modified":"2024-08-07T16:18:01","modified_gmt":"2024-08-07T14:18:01","slug":"fuhrpark","status":"publish","type":"page","link":"https:\/\/boor-holztransporte.de\/?page_id=112","title":{"rendered":"Fuhrpark"},"content":{"rendered":"<p><a href=\"http:\/\/boor-holztransporte.de\/wp-content\/uploads\/2013\/05\/ersterLKW.jpg\" rel=\"lightbox[112]\"><img loading=\"lazy\" decoding=\"async\" class=\" wp-image-140 aligncenter\" src=\"http:\/\/boor-holztransporte.de\/wp-content\/uploads\/2013\/05\/ersterLKW-300x210.jpg\" alt=\"ersterLKW\" width=\"484\" height=\"339\" srcset=\"https:\/\/boor-holztransporte.de\/wp-content\/uploads\/2013\/05\/ersterLKW-300x210.jpg 300w, https:\/\/boor-holztransporte.de\/wp-content\/uploads\/2013\/05\/ersterLKW.jpg 1018w\" sizes=\"auto, (max-width: 484px) 100vw, 484px\" \/><\/a><\/p>\n<p style=\"text-align: left;\">Am 19.02.1996 wurde die Firma Holztransporte\u00a0Matthias Boor mit diesem LKW gegr\u00fcndet.<\/p>\n<p style=\"text-align: left;\">Gro\u00dfen Wert legen wir auf Wartung und Pflege unserer Fahrzeuge. Daf\u00fcr steht am Firmensitz eine Fahrzeughalle f\u00fcr Reparaturen und ein Waschplatz zur Verf\u00fcgung.<\/p>\n<p style=\"text-align: left;\">Alle vom Gesetz und vom Fahrzeughersteller vorgeschriebenen Untersuchungen und Arbeiten lassen wir in sehr guten LKW Werkst\u00e4tten durchf\u00fchren.<\/p>\n<p style=\"text-align: left;\">F\u00fcr alle neuen LKW\u2019s werden Wartungsvertr\u00e4ge abgeschlossen.<\/p>\n<p align=\"left\"><a href=\"http:\/\/boor-holztransporte.de\/wp-content\/uploads\/2013\/05\/IMG_2556.jpg\" rel=\"lightbox[112]\"><img loading=\"lazy\" decoding=\"async\" class=\"alignnone size-medium wp-image-146\" src=\"http:\/\/boor-holztransporte.de\/wp-content\/uploads\/2013\/05\/IMG_2556-300x110.jpg\" alt=\"IMG_2556\" width=\"300\" height=\"110\" srcset=\"https:\/\/boor-holztransporte.de\/wp-content\/uploads\/2013\/05\/IMG_2556-300x110.jpg 300w, https:\/\/boor-holztransporte.de\/wp-content\/uploads\/2013\/05\/IMG_2556.jpg 1024w\" sizes=\"auto, (max-width: 300px) 100vw, 300px\" \/><\/a><a href=\"http:\/\/boor-holztransporte.de\/wp-content\/uploads\/2013\/05\/IMG_6935.jpg\" rel=\"lightbox[112]\"><img loading=\"lazy\" decoding=\"async\" class=\"alignnone size-medium wp-image-299\" src=\"http:\/\/boor-holztransporte.de\/wp-content\/uploads\/2013\/05\/IMG_6935-300x110.jpg\" alt=\"IMG_6935\" width=\"300\" height=\"110\" srcset=\"https:\/\/boor-holztransporte.de\/wp-content\/uploads\/2013\/05\/IMG_6935-300x110.jpg 300w, https:\/\/boor-holztransporte.de\/wp-content\/uploads\/2013\/05\/IMG_6935.jpg 1000w\" sizes=\"auto, (max-width: 300px) 100vw, 300px\" \/><\/a><\/p>\n<p>&nbsp;<\/p>\n","protected":false},"excerpt":{"rendered":"<p>Am 19.02.1996 wurde die Firma Holztransporte\u00a0Matthias Boor mit diesem LKW gegr\u00fcndet. Gro\u00dfen Wert legen wir auf Wartung und Pflege unserer Fahrzeuge. Daf\u00fcr steht am Firmensitz eine Fahrzeughalle f\u00fcr Reparaturen und ein Waschplatz zur Verf\u00fcgung. Alle vom Gesetz und vom Fahrzeughersteller vorgeschriebenen Untersuchungen und Arbeiten lassen wir in sehr guten LKW Werkst\u00e4tten durchf\u00fchren. F\u00fcr alle neuen &hellip; <\/p>\n<p class=\"link-more\"><a href=\"https:\/\/boor-holztransporte.de\/?page_id=112\" class=\"more-link\"><span class=\"screen-reader-text\">\u201eFuhrpark\u201c<\/span> weiterlesen<\/a><\/p>\n","protected":false},"author":1,"featured_media":0,"parent":79,"menu_order":1,"comment_status":"closed","ping_status":"closed","template":"","meta":{"footnotes":""},"class_list":["post-112","page","type-page","status-publish","hentry"],"_links":{"self":[{"href":"https:\/\/boor-holztransporte.de\/index.php?rest_route=\/wp\/v2\/pages\/112","targetHints":{"allow":["GET"]}}],"collection":[{"href":"https:\/\/boor-holztransporte.de\/index.php?rest_route=\/wp\/v2\/pages"}],"about":[{"href":"https:\/\/boor-holztransporte.de\/index.php?rest_route=\/wp\/v2\/types\/page"}],"author":[{"embeddable":true,"href":"https:\/\/boor-holztransporte.de\/index.php?rest_route=\/wp\/v2\/users\/1"}],"replies":[{"embeddable":true,"href":"https:\/\/boor-holztransporte.de\/index.php?rest_route=%2Fwp%2Fv2%2Fcomments&post=112"}],"version-history":[{"count":28,"href":"https:\/\/boor-holztransporte.de\/index.php?rest_route=\/wp\/v2\/pages\/112\/revisions"}],"predecessor-version":[{"id":902,"href":"https:\/\/boor-holztransporte.de\/index.php?rest_route=\/wp\/v2\/pages\/112\/revisions\/902"}],"up":[{"embeddable":true,"href":"https:\/\/boor-holztransporte.de\/index.php?rest_route=\/wp\/v2\/pages\/79"}],"wp:attachment":[{"href":"https:\/\/boor-holztransporte.de\/index.php?rest_route=%2Fwp%2Fv2%2Fmedia&parent=112"}],"curies":[{"name":"wp","href":"https:\/\/api.w.org\/{rel}","templated":true}]}}