{"id":2,"date":"2013-04-11T20:48:33","date_gmt":"2013-04-11T20:48:33","guid":{"rendered":"http:\/\/boor-holztransporte.de\/?page_id=2"},"modified":"2024-08-07T16:22:31","modified_gmt":"2024-08-07T14:22:31","slug":"beispiel-seite","status":"publish","type":"page","link":"https:\/\/boor-holztransporte.de\/?page_id=2","title":{"rendered":"Kontakt"},"content":{"rendered":"<p><strong>Holztransporte &amp; Dieselverkauf<\/strong><br \/>\nMatthias Boor<br \/>\nRudolf-Diesel-Str. 5<br \/>\n59348 L\u00fcdinghausen<br \/>\nMobil:\u00a00171\/7762447<br \/>\n<em><a href=\"mailto:info@boor-holztransporte.de\">info@boor-holztransporte.de<br \/>\n<\/a><br \/>\n<strong>B\u00fcrozeiten<\/strong><br \/>\nMontag &#8211; Freitag<br \/>\n08:00 &#8211; 12:00 Uhr<\/em><\/p>\n<table style=\"background-color: #ffffff; height: 415px;\" border=\"0\" width=\"363\" cellspacing=\"0\" cellpadding=\"0\">\n<tbody>\n<tr>\n<td style=\"vertical-align: top; text-align: left;\"><\/td>\n<td><iframe loading=\"lazy\" src=\"https:\/\/maps.google.com\/maps?f=q&amp;source=s_q&amp;hl=de&amp;geocode=&amp;q=boor+holztransporte+l%C3%BCdinghausen&amp;aq=&amp;sll=51.751068,7.434105&amp;sspn=0.010455,0.025127&amp;g=Rudolf-Diesel-Stra%C3%9Fe+5,+L%C3%BCdinghausen,+Deutschland&amp;ie=UTF8&amp;hq=boor+holztransporte&amp;hnear=L%C3%BCdinghausen,+M%C3%BCnster,+Nordrhein-Westfalen,+Deutschland&amp;t=m&amp;cid=7914941816500864712&amp;ll=51.758119,7.435341&amp;spn=0.018595,0.036478&amp;z=14&amp;iwloc=A&amp;output=embed\" width=\"425\" height=\"350\" frameborder=\"0\" marginwidth=\"0\" marginheight=\"0\" scrolling=\"no\"><\/iframe><small><a style=\"color: #0000ff; text-align: left;\" href=\"https:\/\/maps.google.com\/maps?f=q&amp;source=embed&amp;hl=de&amp;geocode=&amp;q=boor+holztransporte+l%C3%BCdinghausen&amp;aq=&amp;sll=51.751068,7.434105&amp;sspn=0.010455,0.025127&amp;g=Rudolf-Diesel-Stra%C3%9Fe+5,+L%C3%BCdinghausen,+Deutschland&amp;ie=UTF8&amp;hq=boor+holztransporte&amp;hnear=L%C3%BCdinghausen,+M%C3%BCnster,+Nordrhein-Westfalen,+Deutschland&amp;t=m&amp;cid=7914941816500864712&amp;ll=51.758119,7.435341&amp;spn=0.018595,0.036478&amp;z=14&amp;iwloc=A\">Gr\u00f6\u00dfere Kartenansicht<\/a><\/small><\/td>\n<\/tr>\n<\/tbody>\n<\/table>\n<p>Besuchen Sie uns auch gerne auf unseren Sozialen Medien \ud83d\ude09<\/p>\n<p><a href=\"https:\/\/www.facebook.com\/p\/Boor-Holztransporte-100075937252568\/\"><img loading=\"lazy\" decoding=\"async\" class=\"alignnone  wp-image-897\" src=\"http:\/\/boor-holztransporte.de\/wp-content\/uploads\/2024\/08\/fb_MB-300x300.png\" alt=\"\" width=\"68\" height=\"68\" srcset=\"https:\/\/boor-holztransporte.de\/wp-content\/uploads\/2024\/08\/fb_MB-300x300.png 300w, https:\/\/boor-holztransporte.de\/wp-content\/uploads\/2024\/08\/fb_MB-1024x1024.png 1024w, https:\/\/boor-holztransporte.de\/wp-content\/uploads\/2024\/08\/fb_MB-150x150.png 150w, https:\/\/boor-holztransporte.de\/wp-content\/uploads\/2024\/08\/fb_MB-768x768.png 768w, https:\/\/boor-holztransporte.de\/wp-content\/uploads\/2024\/08\/fb_MB-1536x1536.png 1536w, https:\/\/boor-holztransporte.de\/wp-content\/uploads\/2024\/08\/fb_MB-2048x2048.png 2048w, https:\/\/boor-holztransporte.de\/wp-content\/uploads\/2024\/08\/fb_MB-100x100.png 100w\" sizes=\"auto, (max-width: 68px) 100vw, 68px\" \/> \u00a0<\/a><a href=\"https:\/\/www.youtube.com\/@matthiasboor2139\/featured\"><img loading=\"lazy\" decoding=\"async\" class=\"alignnone wp-image-899\" src=\"http:\/\/boor-holztransporte.de\/wp-content\/uploads\/2024\/08\/YT_MB-300x300.png\" alt=\"\" width=\"68\" height=\"68\" srcset=\"https:\/\/boor-holztransporte.de\/wp-content\/uploads\/2024\/08\/YT_MB-300x300.png 300w, https:\/\/boor-holztransporte.de\/wp-content\/uploads\/2024\/08\/YT_MB-1024x1024.png 1024w, https:\/\/boor-holztransporte.de\/wp-content\/uploads\/2024\/08\/YT_MB-150x150.png 150w, https:\/\/boor-holztransporte.de\/wp-content\/uploads\/2024\/08\/YT_MB-768x768.png 768w, https:\/\/boor-holztransporte.de\/wp-content\/uploads\/2024\/08\/YT_MB-1536x1536.png 1536w, https:\/\/boor-holztransporte.de\/wp-content\/uploads\/2024\/08\/YT_MB-2048x2048.png 2048w, https:\/\/boor-holztransporte.de\/wp-content\/uploads\/2024\/08\/YT_MB-100x100.png 100w\" sizes=\"auto, (max-width: 68px) 100vw, 68px\" \/><\/a> \u00a0 <a href=\"https:\/\/www.instagram.com\/boor_holztransporte\/\"><img loading=\"lazy\" decoding=\"async\" class=\"alignnone  wp-image-898\" src=\"http:\/\/boor-holztransporte.de\/wp-content\/uploads\/2024\/08\/Insta_MB-300x300.png\" alt=\"\" width=\"68\" height=\"68\" srcset=\"https:\/\/boor-holztransporte.de\/wp-content\/uploads\/2024\/08\/Insta_MB-300x300.png 300w, https:\/\/boor-holztransporte.de\/wp-content\/uploads\/2024\/08\/Insta_MB-1024x1024.png 1024w, https:\/\/boor-holztransporte.de\/wp-content\/uploads\/2024\/08\/Insta_MB-150x150.png 150w, https:\/\/boor-holztransporte.de\/wp-content\/uploads\/2024\/08\/Insta_MB-768x768.png 768w, https:\/\/boor-holztransporte.de\/wp-content\/uploads\/2024\/08\/Insta_MB-1536x1536.png 1536w, https:\/\/boor-holztransporte.de\/wp-content\/uploads\/2024\/08\/Insta_MB-2048x2048.png 2048w, https:\/\/boor-holztransporte.de\/wp-content\/uploads\/2024\/08\/Insta_MB-100x100.png 100w\" sizes=\"auto, (max-width: 68px) 100vw, 68px\" \/><\/a><\/p>\n","protected":false},"excerpt":{"rendered":"<p>Holztransporte &amp; Dieselverkauf Matthias Boor Rudolf-Diesel-Str. 5 59348 L\u00fcdinghausen Mobil:\u00a00171\/7762447 info@boor-holztransporte.de B\u00fcrozeiten Montag &#8211; Freitag 08:00 &#8211; 12:00 Uhr Gr\u00f6\u00dfere Kartenansicht Besuchen Sie uns auch gerne auf unseren Sozialen Medien \ud83d\ude09 \u00a0 \u00a0<\/p>\n","protected":false},"author":1,"featured_media":0,"parent":0,"menu_order":5,"comment_status":"closed","ping_status":"closed","template":"","meta":{"footnotes":""},"class_list":["post-2","page","type-page","status-publish","hentry"],"_links":{"self":[{"href":"https:\/\/boor-holztransporte.de\/index.php?rest_route=\/wp\/v2\/pages\/2","targetHints":{"allow":["GET"]}}],"collection":[{"href":"https:\/\/boor-holztransporte.de\/index.php?rest_route=\/wp\/v2\/pages"}],"about":[{"href":"https:\/\/boor-holztransporte.de\/index.php?rest_route=\/wp\/v2\/types\/page"}],"author":[{"embeddable":true,"href":"https:\/\/boor-holztransporte.de\/index.php?rest_route=\/wp\/v2\/users\/1"}],"replies":[{"embeddable":true,"href":"https:\/\/boor-holztransporte.de\/index.php?rest_route=%2Fwp%2Fv2%2Fcomments&post=2"}],"version-history":[{"count":76,"href":"https:\/\/boor-holztransporte.de\/index.php?rest_route=\/wp\/v2\/pages\/2\/revisions"}],"predecessor-version":[{"id":905,"href":"https:\/\/boor-holztransporte.de\/index.php?rest_route=\/wp\/v2\/pages\/2\/revisions\/905"}],"wp:attachment":[{"href":"https:\/\/boor-holztransporte.de\/index.php?rest_route=%2Fwp%2Fv2%2Fmedia&parent=2"}],"curies":[{"name":"wp","href":"https:\/\/api.w.org\/{rel}","templated":true}]}}