{"id":78,"date":"2013-04-26T10:38:47","date_gmt":"2013-04-26T08:38:47","guid":{"rendered":"http:\/\/boor-holztransporte.de\/?page_id=78"},"modified":"2025-06-17T10:20:05","modified_gmt":"2025-06-17T08:20:05","slug":"aktuelles","status":"publish","type":"page","link":"https:\/\/boor-holztransporte.de\/?page_id=78","title":{"rendered":"Aktuelles"},"content":{"rendered":"<h3><\/h3>\n<h3><span style=\"color: #00aa82;\">Tag der offenen T\u00fcr\u00a0<\/span><\/h3>\n<p><a href=\"http:\/\/boor-holztransporte.de\/wp-content\/uploads\/2025\/06\/913346E3-8A98-4D40-AF20-CAE516E4B88F.jpeg\" rel=\"lightbox[78]\"><img loading=\"lazy\" decoding=\"async\" class=\"alignleft wp-image-925 \" src=\"http:\/\/boor-holztransporte.de\/wp-content\/uploads\/2025\/06\/913346E3-8A98-4D40-AF20-CAE516E4B88F-e1750148289242.jpeg\" alt=\"\" width=\"308\" height=\"429\" srcset=\"https:\/\/boor-holztransporte.de\/wp-content\/uploads\/2025\/06\/913346E3-8A98-4D40-AF20-CAE516E4B88F-e1750148289242.jpeg 1170w, https:\/\/boor-holztransporte.de\/wp-content\/uploads\/2025\/06\/913346E3-8A98-4D40-AF20-CAE516E4B88F-e1750148289242-215x300.jpeg 215w, https:\/\/boor-holztransporte.de\/wp-content\/uploads\/2025\/06\/913346E3-8A98-4D40-AF20-CAE516E4B88F-e1750148289242-735x1024.jpeg 735w, https:\/\/boor-holztransporte.de\/wp-content\/uploads\/2025\/06\/913346E3-8A98-4D40-AF20-CAE516E4B88F-e1750148289242-768x1070.jpeg 768w, https:\/\/boor-holztransporte.de\/wp-content\/uploads\/2025\/06\/913346E3-8A98-4D40-AF20-CAE516E4B88F-e1750148289242-1103x1536.jpeg 1103w\" sizes=\"auto, (max-width: 308px) 100vw, 308px\" \/><\/a><\/p>\n<p>&nbsp;<\/p>\n<p>&nbsp;<\/p>\n<p>&nbsp;<\/p>\n<p>&nbsp;<\/p>\n<p>&nbsp;<\/p>\n<p>&nbsp;<\/p>\n<p>&nbsp;<\/p>\n<p>&nbsp;<\/p>\n<p>&nbsp;<\/p>\n<p>\ud83d\udcc5 Datum: 21. September<br \/>\n\ud83d\udd58 Uhrzeit: 10:00 &#8211; 17:00 Uhr<br \/>\n\ud83d\udccd Adresse: <a href=\"https:\/\/www.google.com\/maps\/place\/Brennholzhandel+L\u00fcdinghausen+Manuela+Boor\/@51.7517291,7.431066,17z\/data=!3m1!4b1!4m6!3m5!1s0x47b9072f6bf4f565:0x6dd785a59e6b46c8!8m2!3d51.7517258!4d7.4336356!16s%2Fg%2F1v26l609?entry=ttu\">Rudolf-Diesel-Stra\u00dfe 5<\/a><\/p>\n<p><strong><a href=\"http:\/\/boor-holztransporte.de\/wp-content\/uploads\/2024\/08\/TagDerOffenenTuer_MB_online.pdf\">Flyer_Tag der offenen T\u00fcr<\/a><\/strong><\/p>\n<h3><span style=\"color: #00aa82;\">Klutenseefestival L\u00fcdinghausen 2024 \u2013 Unser Beitrag zur Tanzfl\u00e4che!<\/span><\/h3>\n<figure id=\"attachment_884\" aria-describedby=\"caption-attachment-884\" style=\"width: 4032px\" class=\"wp-caption alignnone\"><a href=\"http:\/\/boor-holztransporte.de\/wp-content\/uploads\/2024\/08\/IMG_1498.jpeg\" rel=\"lightbox[78]\"><img loading=\"lazy\" decoding=\"async\" class=\"size-full wp-image-884\" src=\"http:\/\/boor-holztransporte.de\/wp-content\/uploads\/2024\/08\/IMG_1498.jpeg\" alt=\"\" width=\"4032\" height=\"3024\" srcset=\"https:\/\/boor-holztransporte.de\/wp-content\/uploads\/2024\/08\/IMG_1498.jpeg 4032w, https:\/\/boor-holztransporte.de\/wp-content\/uploads\/2024\/08\/IMG_1498-300x225.jpeg 300w, https:\/\/boor-holztransporte.de\/wp-content\/uploads\/2024\/08\/IMG_1498-768x576.jpeg 768w, https:\/\/boor-holztransporte.de\/wp-content\/uploads\/2024\/08\/IMG_1498-1024x768.jpeg 1024w\" sizes=\"auto, (max-width: 706px) 89vw, (max-width: 767px) 82vw, 740px\" \/><\/a><figcaption id=\"caption-attachment-884\" class=\"wp-caption-text\">Hackschnitzellieferung an das Klutenseefestival 2024<\/figcaption><\/figure>\n<p>Beim Klutenseefestival 2024 in L\u00fcdinghausen haben wir trotz der regnerischen Wetterbedingungen daf\u00fcr gesorgt, dass der Boden wieder tanzbereit ist. Durch den Einsatz unserer Hackschnitzeltechnik konnten wir den durchn\u00e4ssten Untergrund effizient aufbereiten und in perfektem Zustand halten. Dank unseres Engagements konnte das Festival ohne Einschr\u00e4nkungen fortgesetzt werden \u2013 damit die Besucher unbeschwert feiern und tanzen konnten. Wir sind stolz, Teil dieses gro\u00dfartigen Events gewesen zu sein!<\/p>\n<h3><span style=\"color: #00aa82;\">Innovative Holzverarbeitung mit dem Spaltfix K-Vario<\/span><\/h3>\n<figure id=\"attachment_881\" aria-describedby=\"caption-attachment-881\" style=\"width: 1600px\" class=\"wp-caption alignnone\"><a href=\"http:\/\/boor-holztransporte.de\/wp-content\/uploads\/2024\/08\/8e31a7dc-8117-4e78-a3ea-7295a1dcd50a.jpeg\" rel=\"lightbox[78]\"><img loading=\"lazy\" decoding=\"async\" class=\"size-full wp-image-881\" src=\"http:\/\/boor-holztransporte.de\/wp-content\/uploads\/2024\/08\/8e31a7dc-8117-4e78-a3ea-7295a1dcd50a.jpeg\" alt=\"\" width=\"1600\" height=\"900\" srcset=\"https:\/\/boor-holztransporte.de\/wp-content\/uploads\/2024\/08\/8e31a7dc-8117-4e78-a3ea-7295a1dcd50a.jpeg 1600w, https:\/\/boor-holztransporte.de\/wp-content\/uploads\/2024\/08\/8e31a7dc-8117-4e78-a3ea-7295a1dcd50a-300x169.jpeg 300w, https:\/\/boor-holztransporte.de\/wp-content\/uploads\/2024\/08\/8e31a7dc-8117-4e78-a3ea-7295a1dcd50a-768x432.jpeg 768w, https:\/\/boor-holztransporte.de\/wp-content\/uploads\/2024\/08\/8e31a7dc-8117-4e78-a3ea-7295a1dcd50a-1024x576.jpeg 1024w\" sizes=\"auto, (max-width: 706px) 89vw, (max-width: 767px) 82vw, 740px\" \/><\/a><figcaption id=\"caption-attachment-881\" class=\"wp-caption-text\">deutschlandweit die erste ausgelieferte Posch Spaltmaschine 710<\/figcaption><\/figure>\n<p><strong>Jetzt deutschlandweit exklusiv bei uns!<\/strong><\/p>\n<p>Wir freuen uns, Ihnen die erste deutschlandweite S\u00e4ge des Spaltfix K-Vario pr\u00e4sentieren zu d\u00fcrfen \u2013 eine bahnbrechende Neuheit in der Holzverarbeitung! Entwickelt von POSCH, \u00fcberzeugt dieses leistungsstarke Ger\u00e4t durch seine innovative Technik und herausragende Effizienz. Der Spaltfix K-Vario vereint S\u00e4gen und Spalten in einem einzigen, vielseitigen System und bietet Ihnen h\u00f6chste Flexibilit\u00e4t und Pr\u00e4zision bei der Bearbeitung von Holz. Mit modernster Technologie und benutzerfreundlichem Design stellt er sicher, dass Ihre Arbeitsabl\u00e4ufe noch reibungsloser und produktiver werden.<\/p>\n<h3><span style=\"color: #00aa82;\">Weihnachtsbaum in L\u00fcdinghausen 2023<\/span><\/h3>\n<figure id=\"attachment_703\" aria-describedby=\"caption-attachment-703\" style=\"width: 3024px\" class=\"wp-caption alignnone\"><a href=\"http:\/\/boor-holztransporte.de\/wp-content\/uploads\/2023\/12\/tempImageWwpTms-e1702323539241.jpg\" rel=\"lightbox[78]\"><img loading=\"lazy\" decoding=\"async\" class=\"wp-image-703 size-full\" src=\"http:\/\/boor-holztransporte.de\/wp-content\/uploads\/2023\/12\/tempImageWwpTms-e1702323539241.jpg\" alt=\"\" width=\"3024\" height=\"2862\" srcset=\"https:\/\/boor-holztransporte.de\/wp-content\/uploads\/2023\/12\/tempImageWwpTms-e1702323539241.jpg 3024w, https:\/\/boor-holztransporte.de\/wp-content\/uploads\/2023\/12\/tempImageWwpTms-e1702323539241-300x284.jpg 300w, https:\/\/boor-holztransporte.de\/wp-content\/uploads\/2023\/12\/tempImageWwpTms-e1702323539241-768x727.jpg 768w, https:\/\/boor-holztransporte.de\/wp-content\/uploads\/2023\/12\/tempImageWwpTms-e1702323539241-1024x969.jpg 1024w\" sizes=\"auto, (max-width: 706px) 89vw, (max-width: 767px) 82vw, 740px\" \/><\/a><figcaption id=\"caption-attachment-703\" class=\"wp-caption-text\">Transport und Aufstellung des Weihnachtsbaums auf dem Marktplatz in L\u00fcdinghausen<\/figcaption><\/figure>\n<h3><span style=\"color: #00aa82;\">Fahrsicherheitstraining 2023<\/span><\/h3>\n<figure id=\"attachment_684\" aria-describedby=\"caption-attachment-684\" style=\"width: 1024px\" class=\"wp-caption alignleft\"><a href=\"http:\/\/boor-holztransporte.de\/wp-content\/uploads\/2023\/12\/36d0b8ec-adc2-40a6-b609-f368f6117b17.jpg\" rel=\"lightbox[78]\"><img loading=\"lazy\" decoding=\"async\" class=\"wp-image-684 size-full\" src=\"http:\/\/boor-holztransporte.de\/wp-content\/uploads\/2023\/12\/36d0b8ec-adc2-40a6-b609-f368f6117b17.jpg\" alt=\"\" width=\"1024\" height=\"768\" srcset=\"https:\/\/boor-holztransporte.de\/wp-content\/uploads\/2023\/12\/36d0b8ec-adc2-40a6-b609-f368f6117b17.jpg 1024w, https:\/\/boor-holztransporte.de\/wp-content\/uploads\/2023\/12\/36d0b8ec-adc2-40a6-b609-f368f6117b17-300x225.jpg 300w, https:\/\/boor-holztransporte.de\/wp-content\/uploads\/2023\/12\/36d0b8ec-adc2-40a6-b609-f368f6117b17-768x576.jpg 768w\" sizes=\"auto, (max-width: 706px) 89vw, (max-width: 767px) 82vw, 740px\" \/><\/a><figcaption id=\"caption-attachment-684\" class=\"wp-caption-text\">Fahrsicherheitstraining<\/figcaption><\/figure>\n<h3><span style=\"color: #00aa82;\">Neuer LKW \u00a0September 2014<\/span><\/h3>\n<p><a href=\"http:\/\/boor-holztransporte.de\/wp-content\/uploads\/2013\/04\/Ablauf3.jpg\" rel=\"lightbox[78]\"><img loading=\"lazy\" decoding=\"async\" src=\"http:\/\/boor-holztransporte.de\/wp-content\/uploads\/2013\/04\/Ablauf3.jpg\" alt=\"Ablauf\" width=\"800\" height=\"359\" \/><\/a><\/p>\n<h3><span style=\"color: #00aa82;\">Unser Unternehmen\u00a0<\/span><\/h3>\n<figure style=\"width: 300px\" class=\"wp-caption alignleft\"><a href=\"http:\/\/boor-holztransporte.de\/wp-content\/uploads\/2013\/04\/Familienunternehmen.jpg\" rel=\"lightbox[78]\"><img loading=\"lazy\" decoding=\"async\" src=\"http:\/\/boor-holztransporte.de\/wp-content\/uploads\/2013\/04\/Familienunternehmen-300x221.jpg\" alt=\"Familienunternehmen\" width=\"300\" height=\"221\" \/><\/a><figcaption class=\"wp-caption-text\">Matthias Boor mit Sohn Lennart, Bruder Bernhard jun. und Vater Bernhard Boor sen. Im Blaumann: Stefan Ebert<\/figcaption><\/figure>\n<p>Ein stolzes Familienunternehmen (v.l.n.r.): Matthias Boor mit Sohn Lennart, Bruder Bernhard jun. und Vater Bernhard Boor sen. Im Blaumann: Stefan Ebert<br \/>\nBeim Kran hat sich Matthias Boor f\u00fcr einen Epsilon M 130 L HPLS entschieden. Mit Einfachteleskop reicht er 8 m weit, ist dabei leicht und doch schnell und kr\u00e4ftig. Da Boor beim Thema Wartung keine Kompromisse eingeht, ist der Kran mit einer Zentralschmierung von BekaMax augestattet. Das kostet zwar 1 800 \u20ac, daf\u00fcr m\u00fcssen die Fahrer an den Schmierpunkte nur noch gelegentlich etwas Fett mit dem Lappen wegwischen. Geschmiert werden sie automatisch alle zwei Stunden, auch w\u00e4hrend der Arbeit. Seiner Erfahrung nach f\u00e4llt der Verschlei\u00df dadurch deutlich geringer aus. Etwas Luxus g\u00f6nnte sich Boor auch mit der Luftman-Ladungssicherung von Exte. Mit ihr werden die Zurrgurte nach dem Beladen zuverl\u00e4ssig vorgespannt und w\u00e4hrend der Fahrt automatisch nachgespannt. Das hilft bei den heute h\u00e4ufigen Fahrzeugkontrollen sehr. Der Anh\u00e4nger Den starken Epsilon-Kran ben\u00f6tigt Boor, um den Huttner-Anh\u00e4nger auf den Lkw laden zu k\u00f6nnen. Diesen hat er schon im vergangenen Jahr erworben, um das Verladesystem mit einem anderen Lkw zu testen. Der Anh\u00e4nger wiegt mit Zwillingsbereifung und zwei klappbaren Schemeln 3 t. Vor dem Verladen werden zun\u00e4chst die Schelmel an Anh\u00e4nger und Lkw entriegelt und per Hand umgeklappt. Anschlie\u00dfend hebt der Fahrer den Anh\u00e4nger mit dem Kran vorne etwas an und dreht anschlie\u00dfend die Deichsel unter den H\u00e4nger. Dann packt der Kran den H\u00e4nger an zwei mittig am Rahmen angebrachten Hubelementen und hebt ihn auf den Lkw. Am Fahrerhaus ruhen die inneren R\u00e4der der Zwillingsbereifung am Ende zwischen zwei eng stehenden Exte-Entladeb\u00e4nken, am Lkw-Ende dagegen auf zwei Aluminiumrohren.<\/p>\n<p>Kurzholzz\u00fcge mit verladbarem Anh\u00e4nger werden seit einigen Jahren vermehrt nachgefragt. Als ein Grund daf\u00fcr wird oft die Autobahnmaut vermutet, die mit aufgeladenem H\u00e4nger und dementsprechend zwei Achsen weniger g\u00fcnstiger ist. Die Mautersparnis steht bei Matthias Boor jedoch nicht im Vordergrund.\u00a0<a href=\"http:\/\/boor-holztransporte.de\/wp-content\/uploads\/2013\/04\/R\u00e4der.png\" rel=\"lightbox[78]\"><img loading=\"lazy\" decoding=\"async\" class=\"alignleft\" src=\"http:\/\/boor-holztransporte.de\/wp-content\/uploads\/2013\/04\/R\u00e4der-208x300.png\" alt=\"R\u00e4der\" width=\"208\" height=\"300\" \/><\/a>Er rechnet in erster Linie mit deutlich geringeren Kraftstoffkosten, wenn der Anh\u00e4nger f\u00fcr die Leerfahrten aufgesattelt wird. Der Dieselverbrauch sinke um rund 2,5 l\/100 km. Bei einer durchnittlichen Nutzungsdauer von sechs Jahren und bei 100 000 km Jahreslaufleistung kommt also eine h\u00fcbsche Summe zusammen. Einplanen kann man zudem einen geringeren Verschlei\u00df bei Reifen, Sto\u00dfd\u00e4mpfern oder Buchsen. Und nicht zuletzt ist man mit aufgeladenem H\u00e4nger wendiger unterwegs und muss auf den meist engen Waldwegen weniger rangieren. Fahrer Bernhard Boor war in den ersten Wochen besonders vom letzten Punkt begeistert.<\/p>\n<p>Bernhard Boor hebt den Anh\u00e4nger auf den Lkw; daf\u00fcr musste er zuvor die Schemel an Lkw und H\u00e4nger umklappen und die Deichsel unter den Anh\u00e4nger drehen.<\/p>\n<p>Die inneren R\u00e4der des Anh\u00e4ngers ruhen auf zwei eng gestellte Entladeb\u00e4nken von Exte<\/p>\n<p>Auch die Halterungen f\u00fcr die Bremskl\u00f6tze oder die Werkzeugkisten hat Firma Ebert aus Aluminium gebaut<\/p>\n<figure style=\"width: 300px\" class=\"wp-caption alignnone\"><img loading=\"lazy\" decoding=\"async\" src=\"http:\/\/boor-holztransporte.de\/wp-content\/uploads\/2013\/04\/halterung-300x216.png\" alt=\"halterung\" width=\"300\" height=\"216\" \/><figcaption class=\"wp-caption-text\">Lampenschutz aus Aluminium<\/figcaption><\/figure>\n<figure style=\"width: 300px\" class=\"wp-caption alignnone\"><img loading=\"lazy\" decoding=\"async\" src=\"http:\/\/boor-holztransporte.de\/wp-content\/uploads\/2013\/04\/Lampenschutz-300x193.png\" alt=\"Lampenschutz\" width=\"300\" height=\"193\" \/><figcaption class=\"wp-caption-text\">Bei der Ladungssicherung setzt Matthias Boor auf das Luftman-System von Exte<\/figcaption><\/figure>\n<p><img loading=\"lazy\" decoding=\"async\" src=\"http:\/\/boor-holztransporte.de\/wp-content\/uploads\/2013\/04\/Landungssicherung-300x181.png\" alt=\"Landungssicherung\" width=\"300\" height=\"181\" \/><\/p>\n<p><em>Oliver Gabriel<\/em><\/p>\n<p><em>\u00a0<\/em><\/p>\n<h3><span style=\"color: #00aa82;\">Anh\u00e4nger<\/span><\/h3>\n<p>Mit dem neuen absenkbaren Anh\u00e4nger k\u00f6nnen wir das Holz in einem Sack auf einer Palette einfach an unsere Kunden liefern.<br \/>\nDas Brennholz fahren wir Ihnen mit einem Elektrostapler einfach in Ihre Garage oder Caport.<br \/>\n<a href=\"http:\/\/boor-holztransporte.de\/wp-content\/uploads\/2014\/11\/Anh\u00e4nger2.jpg\" rel=\"lightbox[78]\"><img loading=\"lazy\" decoding=\"async\" class=\"alignleft  wp-image-501\" src=\"http:\/\/boor-holztransporte.de\/wp-content\/uploads\/2014\/11\/Anh\u00e4nger2.jpg\" alt=\"Anh\u00e4nger2\" width=\"920\" height=\"617\" \/><\/a><\/p>\n<h3><\/h3>\n<h3><\/h3>\n<h3><span style=\"color: #00aa82;\">Halle<\/span><\/h3>\n<p>Seit September 2013 haben wir Platz f\u00fcr verschiedene Sortimente Holz, die Sie sich bei uns anschauen und aussuchen k\u00f6nnen.<\/p>\n<p><a href=\"http:\/\/boor-holztransporte.de\/wp-content\/uploads\/2014\/11\/Halle.jpg\" rel=\"lightbox[78]\"><img loading=\"lazy\" decoding=\"async\" class=\"alignleft  wp-image-500\" src=\"http:\/\/boor-holztransporte.de\/wp-content\/uploads\/2014\/11\/Halle.jpg\" alt=\"Halle\" width=\"900\" height=\"675\" \/><\/a><\/p>\n<h3><span style=\"color: #00aa82;\">Fotos im Kalender Holztransport 2014 vom ForstFachverlag<\/span><\/h3>\n<p><img loading=\"lazy\" decoding=\"async\" src=\"http:\/\/boor-holztransporte.de\/wp-content\/uploads\/2013\/04\/Hotrapo_April1-300x177.jpg\" alt=\"Hotrapo_April\" width=\"300\" height=\"177\" \/>\u00a0<img loading=\"lazy\" decoding=\"async\" src=\"http:\/\/boor-holztransporte.de\/wp-content\/uploads\/2013\/04\/Hotrapo_Januar-300x176.png\" alt=\"Hotrapo_Januar\" width=\"300\" height=\"176\" \/>\u00a0<img loading=\"lazy\" decoding=\"async\" src=\"http:\/\/boor-holztransporte.de\/wp-content\/uploads\/2013\/04\/Hotrapo_August1-300x176.jpg\" alt=\"Hotrapo_August\" width=\"300\" height=\"176\" \/><\/p>\n<h3><span style=\"color: #00aa82;\">Leichtgewicht mit Vollausstattung<\/span><\/h3>\n<p><strong>Der neue Volvo-Kurzholzzug der Firma Boor wiegt vollgetankt nur 17,5 Tonnen<\/strong><\/p>\n<p>Die Firma Boor aus dem Sauerland schafft es nicht zum ersten Mal mit einem\u00a0 Holztransport-Lkw in diese Zeitschrift; das liegt nicht etwa daran, da\u00df Firmeninhaber Matthias Boor etwas gegen uns in der Hand h\u00e4tte, sondern schlicht daran, da\u00df er immer wieder hochinteressante Fahrzeuge anschafft. Sein neuester Coup ist ein Kurzholzzug mit nur 17,5 Tonnen Gesamtgewicht \u2013 und zwar vollgetankt und trotz opulenter Ausstattung: 500-PS-Motor, 13-Metertonnen-Kran, zwei angetriebene Achsen und vieles mehr sind mit an Bord. Da\u00df es sich dabei auch noch um einen der ersten Kurzholzaufbauten auf Basis des neuen Volvo FH handelt, macht die Sache noch spannender.<\/p>\n<div>Dank des h\u00f6her liegenden Lampentr\u00e4gers kann auf einen Unterfahrschutz verzichtet werden.<img loading=\"lazy\" decoding=\"async\" class=\"alignleft\" src=\"http:\/\/boor-holztransporte.de\/wp-content\/uploads\/2013\/04\/2013_10_boor_1_gr1-300x223.jpg\" alt=\"2013_10_boor_1_gr[1]\" width=\"300\" height=\"223\" \/><\/div>\n<p>Stolzer Pilot des neuen Volvo ist Patrick Stegt, der bereits seit zwei Jahren als festangestellter Fahrer bei der Firma Boor arbeitet. Das klingt nicht nach einer besonders langen Zeit, doch Stegt z\u00e4hlt gerade einmal 23 Lenze, und vor dem 21. Lebensjahr darf man nun einmal nicht gewerblich Lkw fahren. In seiner Zeit bei der Firma Boor scheint der gelernte Kfz-Mechatroniker vieles richtig gemacht zu haben, denn sein Chef hat ihm alles andere als ein \u201eKassengestell\u201c bestellt. Neben Annehmlichkeiten wie Ledersitzen, K\u00fchlschrank, R\u00fcckfahrkamera, Freisprechanlage oder Regensensor stecken in dem Lkw auch einige moderne Assistenzsysteme \u2013 auf diesen Bereich hatte Volvo bei der Neuauflage des FH besonderen Wert gelegt. Patrick Stegt wird bei seiner Arbeit unter anderem vom ACC unterst\u00fctzt. Hierbei handelt es sich nicht etwa um ein Hustenmittel, sondern um eine \u201eadaptive Geschwindigkeitsregelung und Kollisionswarnung mit Notbremse\u201c, also einen Tempomat mit Abstandsradar und Notbremsfunktion. Ebenfalls hilft ihm der Spurwechselassistent, der mittels Radar den toten Winkel auf der Beifahrerseite \u00fcberwacht. Sch\u00f6n: Auch Abbiegelicht und dynamisches Kurvenlicht sind mit an Bord. Weitere Assistenz-Highlights des neues Volvo FH haben wir im Infokasten auf Seite 30 zusammengestellt.<\/p>\n<p>Stegt f\u00fchlt sich sichtlich wohl in \u201eseinem\u201c Volvo. Besonders gut findet er die durchgehende elektrische Sonnenblende sowie die vielen Ablagem\u00f6glichkeiten, in die mittlere passen sogar zwei DIN-A4-Schreibbretter. Der viele Platz kommt nicht von ungef\u00e4hr: Der neue FH besitzt grunds\u00e4tzlich ein Fernverkehrs-Fahrerhaus. Die drei lieferbaren Varianten unterscheiden sich nur in der H\u00f6he, bereits die mittlere namens Globetrotter stellt Patrick Stegt 203 Zentimeter Innenh\u00f6he bereit. \u00dcberzeugt hat ihn auch die Standklimaanlage \u201eI-ParkCool\u201c. Diesen Namen hat Volvo seiner v\u00f6llig neuen Standk\u00fchlung gegeben, die \u00fcber etliche Vorz\u00fcge verf\u00fcgt. Ihr gr\u00f6\u00dftes Plus ist sicherlich, da\u00df es sich um eine reine Einbaul\u00f6sung handelt; h\u00e4ufig werden die Kompressoren von Standklimaanlagen n\u00e4mlich auf dem Dach des Fahrerhauses montiert. Dies beeintr\u00e4chtigt einerseits die Aerodynamik, vor allem kann es aber beim Holztransport-Einsatz leicht zu Besch\u00e4digungen durch \u00c4ste kommen.<br \/>\nEine richtig feine Sache ist die Fernsteuerung \u201eWork Remote\u201c. Sie ist haupts\u00e4chlich zur Bedienung der elektronisch gesteuerten Luftfederung (ECS) gedacht: Der Fahrer kann nicht nur verschiedene Fahrwerksh\u00f6hen w\u00e4hlen, sondern sich auch die Achslasten anzeigen lassen, auch vom Anh\u00e4nger. Work Remote kann aber noch viel mehr und steuert bei Bedarf auch Funktionen des Aufbauers. Patrick Stegt kann mit seiner Fernbedienung beispielsweise den Motor starten und stoppen, die Motordrehzahl regulieren, die Kranpumpe ein- und ausschalten oder die Arbeitsscheinwerfer aktivieren.<\/p>\n<p><strong>Erst ein Euro-VI-Motor<\/strong><\/p>\n<p>Elektronische Heinzelm\u00e4nnchen hin, Standklimaanlage her \u2013 was f\u00fcr die meisten wirklich z\u00e4hlt, steckt unter der Haube. Volvo gibt seinem neuen FH 13- und 16-Liter-Sechszylinder in acht verschiedenen Leistungsstufen von 420 bis 750 PS mit auf den Weg. Wer nun annimmt, da\u00df ein komplett neues Lkw-Modell nur noch mit Euro-VI-Motoren ausger\u00fcstet wird, mu\u00df entt\u00e4uscht werden: Aktuell ist nur ein einziges Triebwerk erh\u00e4ltlich, das diese Abgasnorm erf\u00fcllt. Dessen 460 PS erschienen Matthias Boor aber etwas zu wenig, 500 Pferdchen sollte der neue schon vorzuweisen haben \u2013 also wurde das Kreuz beim Motortyp D13C500 gemacht. Dieser Reihensechszylinder leistet exakt 500 PS und wuchtet bereits bei 1.050 Umdrehungen satte 2.500 Nm ans Getriebe. FH-Kunden haben die Wahl zwischen einem Schaltgetriebe und dem sogenannten I-Shift, einem automatisierten Zw\u00f6lfgang-Getriebe, das auch im neuen Boor-Volvo seinen Dienst tut. Patrick Stegt zeigt sich begeistert davon: \u201eI-Shift ist echt super, das Fahren damit ein Traum.\u201c Durch eine unkonventionelle Bauweise \u2013 I-Shift basiert auf einem unsynchronisierten Getriebe \u2013 erreicht Volvo ein niedriges Gewicht und geringe Reibungsverluste (laut Volvo sogar geringer als bei Schaltgetrieben). [&#8230;]<br \/>\n<em>Jan Biernath<\/em><\/p>\n<h3><span style=\"color: #00aa82;\">72\u00a0Stunden Aktion &#8211; 14.06.2013<\/span><\/h3>\n<p>Bei der 72 Stunden Aktion setzen beteiligte Aktionsgruppen innerhalb von 72 Stunden ein soziales Projekt in Ihrem Ort um.<br \/>\nDie Pfadfinder hatten die Aufgabe den Schulhof von der Ostwallschule L\u00fcdinghausen zu\u00a0gestalten. F\u00fcr einen Kletterparcour brauchten sie 5 Baumst\u00e4mme, die wir\u00a0Ihnen dann spontan brachten.<\/p>\n<p>Mehr Infos \u00fcber die Aktion unter\u00a0<a href=\"http:\/\/www.lh72.de\/\">www.lh72.de<\/a><\/p>\n<p><a href=\"http:\/\/boor-holztransporte.de\/wp-content\/uploads\/2013\/04\/IMG_5524-2.jpg\" rel=\"lightbox[78]\"><img loading=\"lazy\" decoding=\"async\" class=\"alignnone size-medium wp-image-218\" src=\"http:\/\/boor-holztransporte.de\/wp-content\/uploads\/2013\/04\/IMG_5524-2-300x200.jpg\" alt=\"72 Stunden Aktion\" width=\"300\" height=\"200\" srcset=\"https:\/\/boor-holztransporte.de\/wp-content\/uploads\/2013\/04\/IMG_5524-2-300x200.jpg 300w, https:\/\/boor-holztransporte.de\/wp-content\/uploads\/2013\/04\/IMG_5524-2.jpg 1000w\" sizes=\"auto, (max-width: 300px) 100vw, 300px\" \/><\/a><\/p>\n<h3><span style=\"color: #00aa82;\">Neuer LKW &#8211; 15.06.2013<\/span><\/h3>\n<p>Das neue Volvo Modell mit neuem Design wurde\u00a0am Samstag zum Aufbauhersteller HUTTNER in Landsberg am Lech gebracht.<\/p>\n<p><a href=\"http:\/\/boor-holztransporte.de\/wp-content\/uploads\/2013\/04\/IMG_5511-2.jpg\" rel=\"lightbox[78]\"><img loading=\"lazy\" decoding=\"async\" class=\"alignnone size-medium wp-image-225\" src=\"http:\/\/boor-holztransporte.de\/wp-content\/uploads\/2013\/04\/IMG_5511-2-200x300.jpg\" alt=\"Volvo\" width=\"200\" height=\"300\" srcset=\"https:\/\/boor-holztransporte.de\/wp-content\/uploads\/2013\/04\/IMG_5511-2-200x300.jpg 200w, https:\/\/boor-holztransporte.de\/wp-content\/uploads\/2013\/04\/IMG_5511-2.jpg 667w\" sizes=\"auto, (max-width: 200px) 100vw, 200px\" \/><\/a> <a href=\"http:\/\/boor-holztransporte.de\/wp-content\/uploads\/2013\/04\/IMG_5512-2.jpg\" rel=\"lightbox[78]\"><img loading=\"lazy\" decoding=\"async\" class=\"alignnone size-medium wp-image-226\" src=\"http:\/\/boor-holztransporte.de\/wp-content\/uploads\/2013\/04\/IMG_5512-2-300x200.jpg\" alt=\"Volvo\" width=\"300\" height=\"200\" srcset=\"https:\/\/boor-holztransporte.de\/wp-content\/uploads\/2013\/04\/IMG_5512-2-300x200.jpg 300w, https:\/\/boor-holztransporte.de\/wp-content\/uploads\/2013\/04\/IMG_5512-2.jpg 1000w\" sizes=\"auto, (max-width: 300px) 100vw, 300px\" \/><\/a><\/p>\n","protected":false},"excerpt":{"rendered":"<p>Tag der offenen T\u00fcr\u00a0 &nbsp; &nbsp; &nbsp; &nbsp; &nbsp; &nbsp; &nbsp; &nbsp; &nbsp; \ud83d\udcc5 Datum: 21. September \ud83d\udd58 Uhrzeit: 10:00 &#8211; 17:00 Uhr \ud83d\udccd Adresse: Rudolf-Diesel-Stra\u00dfe 5 Flyer_Tag der offenen T\u00fcr Klutenseefestival L\u00fcdinghausen 2024 \u2013 Unser Beitrag zur Tanzfl\u00e4che! Beim Klutenseefestival 2024 in L\u00fcdinghausen haben wir trotz der regnerischen Wetterbedingungen daf\u00fcr gesorgt, dass der Boden &hellip; <\/p>\n<p class=\"link-more\"><a href=\"https:\/\/boor-holztransporte.de\/?page_id=78\" class=\"more-link\"><span class=\"screen-reader-text\">\u201eAktuelles\u201c<\/span> weiterlesen<\/a><\/p>\n","protected":false},"author":1,"featured_media":0,"parent":0,"menu_order":0,"comment_status":"closed","ping_status":"closed","template":"","meta":{"footnotes":""},"class_list":["post-78","page","type-page","status-publish","hentry"],"_links":{"self":[{"href":"https:\/\/boor-holztransporte.de\/index.php?rest_route=\/wp\/v2\/pages\/78","targetHints":{"allow":["GET"]}}],"collection":[{"href":"https:\/\/boor-holztransporte.de\/index.php?rest_route=\/wp\/v2\/pages"}],"about":[{"href":"https:\/\/boor-holztransporte.de\/index.php?rest_route=\/wp\/v2\/types\/page"}],"author":[{"embeddable":true,"href":"https:\/\/boor-holztransporte.de\/index.php?rest_route=\/wp\/v2\/users\/1"}],"replies":[{"embeddable":true,"href":"https:\/\/boor-holztransporte.de\/index.php?rest_route=%2Fwp%2Fv2%2Fcomments&post=78"}],"version-history":[{"count":69,"href":"https:\/\/boor-holztransporte.de\/index.php?rest_route=\/wp\/v2\/pages\/78\/revisions"}],"predecessor-version":[{"id":930,"href":"https:\/\/boor-holztransporte.de\/index.php?rest_route=\/wp\/v2\/pages\/78\/revisions\/930"}],"wp:attachment":[{"href":"https:\/\/boor-holztransporte.de\/index.php?rest_route=%2Fwp%2Fv2%2Fmedia&parent=78"}],"curies":[{"name":"wp","href":"https:\/\/api.w.org\/{rel}","templated":true}]}}